{"id":2057,"date":"2017-11-03T12:39:54","date_gmt":"2017-11-03T16:39:54","guid":{"rendered":"https:\/\/cals.ncsu.edu\/molecular-and-structural-biochemistry-new\/?page_id=2057"},"modified":"2021-09-30T01:29:33","modified_gmt":"2021-09-30T05:29:33","slug":"international-programs","status":"publish","type":"page","link":"https:\/\/cals.ncsu.edu\/molecular-and-structural-biochemistry\/about\/international-programs\/","title":{"rendered":"International Programs"},"content":{"rendered":"\t\t<script>var ncstateCalsIframeAppOrigin = \"https:\/\/harvest.cals.ncsu.edu\/\"<\/script>\n\t\t<iframe class='calsShortcodes'  frameborder=\"0\" id=\"cals-app-69fff1495afb7\" src=\"https:\/\/harvest.cals.ncsu.edu\/\/applications\/global_programs\/molandStrBio_map_wp.cfm\" width=\"100%\" height=\"8000px\"  >\n\t\t  <p>Your browser does not support iframes. Please go directly to <a href=\"https:\/\/harvest.cals.ncsu.edu\/\/applications\/global_programs\/molandStrBio_map_wp.cfm\" target=\"_blank\">the application page<\/a> to use the application.<\/p>\n\t\t<\/iframe>\n\t\t\n\n\n\n<p>Visit the <a href=\"https:\/\/cals.ncsu.edu\/international-programs\/\" target=\"_blank\" rel=\"noopener\">CALS International Programs website<\/a> to learn more about international activities across the college.<\/p>\n\n\n<div class=\"ncst-labeled-section wp-block-ncst-featured-content ncst-featured-content is-card-style layout-three-column\">\n  <div class=\"ncst-labeled-section__background\">\n    <div class=\"ncst-labeled-section__container\">\n               <div class=\"ncst-labeled-section__header\">\n                      <h2 class=\"ncst-labeled-section__heading\">Our Global impact<\/h2>\n                            <\/div>\n            <div class=\"ncst-labeled-section__content\">\n        \n<a\n    class=\"ncst-content-card wp-block-ncst-content-card with-image with-cta\"\n    href=\"https:\/\/cnr.ncsu.edu\/news\/2018\/05\/2018-global-engagement-exposition-showcases-international-excellence\/\"\n    data-ua-cat=\"Content Card\"\n    data-ua-action=\"Content Card Click\"\n    data-ua-label=https:\/\/cnr.ncsu.edu\/news\/2018\/05\/2018-global-engagement-exposition-showcases-international-excellence\/\n  >\n  \n\n          <div class=\"content-card__image-container\">\n        <div class=\"content-card__image-background\">\n          <img loading=\"lazy\" decoding=\"async\" width=\"1500\" height=\"844\" \n            class=\"content-card__image wp-image-5333\" \n            alt=\"\" \n            src=\"https:\/\/cals.ncsu.edu\/molecular-and-structural-biochemistry\/wp-content\/uploads\/sites\/35\/2018\/05\/Trino_GlobalEngagement.jpg\" \n            style=\"aspect-ratio: 16\/9; object-fit: cover; \"\n srcset=\"https:\/\/cals.ncsu.edu\/molecular-and-structural-biochemistry\/wp-content\/uploads\/sites\/35\/2018\/05\/Trino_GlobalEngagement.jpg 1500w, https:\/\/cals.ncsu.edu\/molecular-and-structural-biochemistry\/wp-content\/uploads\/sites\/35\/2018\/05\/Trino_GlobalEngagement-300x169.jpg 300w, https:\/\/cals.ncsu.edu\/molecular-and-structural-biochemistry\/wp-content\/uploads\/sites\/35\/2018\/05\/Trino_GlobalEngagement-768x432.jpg 768w, https:\/\/cals.ncsu.edu\/molecular-and-structural-biochemistry\/wp-content\/uploads\/sites\/35\/2018\/05\/Trino_GlobalEngagement-1024x576.jpg 1024w, https:\/\/cals.ncsu.edu\/molecular-and-structural-biochemistry\/wp-content\/uploads\/sites\/35\/2018\/05\/Trino_GlobalEngagement-1200x675.jpg 1200w, https:\/\/cals.ncsu.edu\/molecular-and-structural-biochemistry\/wp-content\/uploads\/sites\/35\/2018\/05\/Trino_GlobalEngagement-950x535.jpg 950w, https:\/\/cals.ncsu.edu\/molecular-and-structural-biochemistry\/wp-content\/uploads\/sites\/35\/2018\/05\/Trino_GlobalEngagement-600x338.jpg 600w, https:\/\/cals.ncsu.edu\/molecular-and-structural-biochemistry\/wp-content\/uploads\/sites\/35\/2018\/05\/Trino_GlobalEngagement-460x259.jpg 460w, https:\/\/cals.ncsu.edu\/molecular-and-structural-biochemistry\/wp-content\/uploads\/sites\/35\/2018\/05\/Trino_GlobalEngagement-230x129.jpg 230w\" sizes=\"auto, (max-width: 1500px) 100vw, 1500px\" \/>\n        <\/div>\n      <\/div>\n    \n    <div class=\"content-card__text-container\">\n      \n                          <h3 class=\"content-card__headline\">Outstanding Global Engagement Award <\/h3>\n              \n\n      \t      \t        <p class=\"content-card__teaser\"><br>Jos\u00e9 Ascencio-Ib\u00e1\u00f1ez, teaching associate professor, was awarded a 2018 Outstanding Global Engagement Award for his work on cassava mosaic disease. This award encourages and recognizes outstanding accomplishment in globally engaged teaching, research, extension and\/or engagement and economic development.<\/p>\n\t      \t    \n              <p class=\"content-card__cta\">Recognizing <strong>Jos\u00e9&#8217;s<\/strong> <span class=nowrap>work&nbsp;<span class=\"arrow-indicator\"><svg class=\"wolficon wolficon-arrow-right-bold\" role=\"img\"  aria-hidden=\"true\">\n            \n            <use xlink:href=\"#wolficon-arrow-right-bold\">\n        <\/svg><\/span><\/span><\/p>\n          <\/div>\n\n  <\/a>\n\n\n<a\n    class=\"ncst-content-card wp-block-ncst-content-card with-image with-cta\"\n    href=\"https:\/\/global.ncsu.edu\/planting-a-bountiful-partnership\/\"\n    data-ua-cat=\"Content Card\"\n    data-ua-action=\"Content Card Click\"\n    data-ua-label=https:\/\/global.ncsu.edu\/planting-a-bountiful-partnership\/\n  >\n  \n\n          <div class=\"content-card__image-container\">\n        <div class=\"content-card__image-background\">\n          <img loading=\"lazy\" decoding=\"async\" width=\"1500\" height=\"844\" \n            class=\"content-card__image wp-image-5396\" \n            alt=\"\" \n            src=\"https:\/\/cals.ncsu.edu\/molecular-and-structural-biochemistry\/wp-content\/uploads\/sites\/35\/2018\/05\/Planting-A-Bountiful-Harvest-Header-Photo.jpg\" \n            style=\"aspect-ratio: 16\/9; object-fit: cover; \"\n srcset=\"https:\/\/cals.ncsu.edu\/molecular-and-structural-biochemistry\/wp-content\/uploads\/sites\/35\/2018\/05\/Planting-A-Bountiful-Harvest-Header-Photo.jpg 1500w, https:\/\/cals.ncsu.edu\/molecular-and-structural-biochemistry\/wp-content\/uploads\/sites\/35\/2018\/05\/Planting-A-Bountiful-Harvest-Header-Photo-300x169.jpg 300w, https:\/\/cals.ncsu.edu\/molecular-and-structural-biochemistry\/wp-content\/uploads\/sites\/35\/2018\/05\/Planting-A-Bountiful-Harvest-Header-Photo-768x432.jpg 768w, https:\/\/cals.ncsu.edu\/molecular-and-structural-biochemistry\/wp-content\/uploads\/sites\/35\/2018\/05\/Planting-A-Bountiful-Harvest-Header-Photo-1024x576.jpg 1024w, https:\/\/cals.ncsu.edu\/molecular-and-structural-biochemistry\/wp-content\/uploads\/sites\/35\/2018\/05\/Planting-A-Bountiful-Harvest-Header-Photo-1200x675.jpg 1200w, https:\/\/cals.ncsu.edu\/molecular-and-structural-biochemistry\/wp-content\/uploads\/sites\/35\/2018\/05\/Planting-A-Bountiful-Harvest-Header-Photo-950x535.jpg 950w, https:\/\/cals.ncsu.edu\/molecular-and-structural-biochemistry\/wp-content\/uploads\/sites\/35\/2018\/05\/Planting-A-Bountiful-Harvest-Header-Photo-600x338.jpg 600w, https:\/\/cals.ncsu.edu\/molecular-and-structural-biochemistry\/wp-content\/uploads\/sites\/35\/2018\/05\/Planting-A-Bountiful-Harvest-Header-Photo-460x259.jpg 460w, https:\/\/cals.ncsu.edu\/molecular-and-structural-biochemistry\/wp-content\/uploads\/sites\/35\/2018\/05\/Planting-A-Bountiful-Harvest-Header-Photo-230x129.jpg 230w\" sizes=\"auto, (max-width: 1500px) 100vw, 1500px\" \/>\n        <\/div>\n      <\/div>\n    \n    <div class=\"content-card__text-container\">\n      \n                          <h3 class=\"content-card__headline\">Planting A Bountiful Partnership<\/h3>\n              \n\n      \t      \t        <p class=\"content-card__teaser\">Associate Professor Colleen Doherty is part of an international team examining how high temperatures affect the growth of rice plants from around the world. These efforts may lead to rice varieties that are more heat tolerant and productive and thus increase global food security.<\/p>\n\t      \t    \n              <p class=\"content-card__cta\">Read more about Colleen&#8217;s <span class=nowrap>work&nbsp;<span class=\"arrow-indicator\"><svg class=\"wolficon wolficon-arrow-right-bold\" role=\"img\"  aria-hidden=\"true\">\n            \n            <use xlink:href=\"#wolficon-arrow-right-bold\">\n        <\/svg><\/span><\/span><\/p>\n          <\/div>\n\n  <\/a>\n\n\n<a\n    class=\"ncst-content-card wp-block-ncst-content-card with-image with-cta\"\n    href=\"https:\/\/cals.ncsu.edu\/news\/faculty-focus-alvarezs-a-maize-ing-research\/\"\n    data-ua-cat=\"Content Card\"\n    data-ua-action=\"Content Card Click\"\n    data-ua-label=https:\/\/cals.ncsu.edu\/news\/faculty-focus-alvarezs-a-maize-ing-research\/\n  >\n  \n\n          <div class=\"content-card__image-container\">\n        <div class=\"content-card__image-background\">\n          <img loading=\"lazy\" decoding=\"async\" width=\"1500\" height=\"844\" \n            class=\"content-card__image wp-image-8510\" \n            alt=\"A man kneeling with children in Puerto Vallarta, Mexico.\" \n            src=\"https:\/\/cals.ncsu.edu\/molecular-and-structural-biochemistry\/wp-content\/uploads\/sites\/35\/2020\/09\/ruben-and-children.jpg\" \n            style=\"aspect-ratio: 16\/9; object-fit: cover; \"\n srcset=\"https:\/\/cals.ncsu.edu\/molecular-and-structural-biochemistry\/wp-content\/uploads\/sites\/35\/2020\/09\/ruben-and-children.jpg 1500w, https:\/\/cals.ncsu.edu\/molecular-and-structural-biochemistry\/wp-content\/uploads\/sites\/35\/2020\/09\/ruben-and-children-300x169.jpg 300w, https:\/\/cals.ncsu.edu\/molecular-and-structural-biochemistry\/wp-content\/uploads\/sites\/35\/2020\/09\/ruben-and-children-1024x576.jpg 1024w, https:\/\/cals.ncsu.edu\/molecular-and-structural-biochemistry\/wp-content\/uploads\/sites\/35\/2020\/09\/ruben-and-children-768x432.jpg 768w, https:\/\/cals.ncsu.edu\/molecular-and-structural-biochemistry\/wp-content\/uploads\/sites\/35\/2020\/09\/ruben-and-children-1200x675.jpg 1200w, https:\/\/cals.ncsu.edu\/molecular-and-structural-biochemistry\/wp-content\/uploads\/sites\/35\/2020\/09\/ruben-and-children-950x535.jpg 950w, https:\/\/cals.ncsu.edu\/molecular-and-structural-biochemistry\/wp-content\/uploads\/sites\/35\/2020\/09\/ruben-and-children-600x338.jpg 600w, https:\/\/cals.ncsu.edu\/molecular-and-structural-biochemistry\/wp-content\/uploads\/sites\/35\/2020\/09\/ruben-and-children-460x259.jpg 460w, https:\/\/cals.ncsu.edu\/molecular-and-structural-biochemistry\/wp-content\/uploads\/sites\/35\/2020\/09\/ruben-and-children-230x129.jpg 230w\" sizes=\"auto, (max-width: 1500px) 100vw, 1500px\" \/>\n        <\/div>\n      <\/div>\n    \n    <div class=\"content-card__text-container\">\n      \n                          <h3 class=\"content-card__headline\">A-maize-ing impact<\/h3>\n              \n\n      \t      \t        <p class=\"content-card__teaser\">Rub\u00e9n Rell\u00e1n-\u00c1lvarez brings plenty of diverse thought, creativity and teaching to the College of Agriculture and Life Sciencesu2019 Department of Molecular and Structural Biochemistry. His research team focuses on understanding the genetic, evolutionary and physiological mechanisms involved in plants adaptation to abiotic stresses. <\/p>\n\t      \t    \n              <p class=\"content-card__cta\">Read <span class=nowrap>more&nbsp;<span class=\"arrow-indicator\"><svg class=\"wolficon wolficon-arrow-right-bold\" role=\"img\"  aria-hidden=\"true\">\n            \n            <use xlink:href=\"#wolficon-arrow-right-bold\">\n        <\/svg><\/span><\/span><\/p>\n          <\/div>\n\n  <\/a>\n\n\n      <\/div>\n    <\/div>\n  <\/div>\n<\/div>\n\n\n\n<p><\/p>\n","protected":false},"excerpt":{"rendered":"<p>Visit the CALS International Programs website to learn more about international activities across the college.<\/p>\n","protected":false},"author":31,"featured_media":0,"parent":1862,"menu_order":0,"comment_status":"closed","ping_status":"closed","template":"","meta":{"_acf_changed":false,"source":"","ncst_custom_author":"","ncst_show_custom_author":false,"ncst_dynamicHeaderBlockName":"ncst\/default-header","ncst_dynamicHeaderData":"{\"backgroundColor\":\"red_400\",\"pageIntro\":\"Our Research, Teaching, and Extension activities take place all over the globe.  See how we are impacting our world.\",\"imageID\":5299,\"imageURL\":\"https:\/\/cals.ncsu.edu\/molecular-and-structural-biochemistry\/wp-content\/uploads\/sites\/35\/2018\/05\/Kanjana_pipet.jpg\"}","ncst_content_audit_freq":"","ncst_content_audit_date":"","footnotes":"","_links_to":"","_links_to_target":""},"class_list":["post-2057","page","type-page","status-publish","hentry"],"acf":[],"_links":{"self":[{"href":"https:\/\/cals.ncsu.edu\/molecular-and-structural-biochemistry\/wp-json\/wp\/v2\/pages\/2057","targetHints":{"allow":["GET"]}}],"collection":[{"href":"https:\/\/cals.ncsu.edu\/molecular-and-structural-biochemistry\/wp-json\/wp\/v2\/pages"}],"about":[{"href":"https:\/\/cals.ncsu.edu\/molecular-and-structural-biochemistry\/wp-json\/wp\/v2\/types\/page"}],"author":[{"embeddable":true,"href":"https:\/\/cals.ncsu.edu\/molecular-and-structural-biochemistry\/wp-json\/wp\/v2\/users\/31"}],"replies":[{"embeddable":true,"href":"https:\/\/cals.ncsu.edu\/molecular-and-structural-biochemistry\/wp-json\/wp\/v2\/comments?post=2057"}],"version-history":[{"count":6,"href":"https:\/\/cals.ncsu.edu\/molecular-and-structural-biochemistry\/wp-json\/wp\/v2\/pages\/2057\/revisions"}],"predecessor-version":[{"id":16446,"href":"https:\/\/cals.ncsu.edu\/molecular-and-structural-biochemistry\/wp-json\/wp\/v2\/pages\/2057\/revisions\/16446"}],"up":[{"embeddable":true,"href":"https:\/\/cals.ncsu.edu\/molecular-and-structural-biochemistry\/wp-json\/wp\/v2\/pages\/1862"}],"wp:attachment":[{"href":"https:\/\/cals.ncsu.edu\/molecular-and-structural-biochemistry\/wp-json\/wp\/v2\/media?parent=2057"}],"curies":[{"name":"wp","href":"https:\/\/api.w.org\/{rel}","templated":true}]}}